{"id":872,"date":"2016-01-28T09:47:53","date_gmt":"2016-01-28T09:47:53","guid":{"rendered":"http:\/\/demo.vegatheme.com\/archilight\/?page_id=872"},"modified":"2018-06-15T15:16:23","modified_gmt":"2018-06-15T18:16:23","slug":"nossa-frota","status":"publish","type":"page","link":"https:\/\/viajecastelo.com.br\/?page_id=872","title":{"rendered":"Nossa Frota"},"content":{"rendered":"<p>[vc_row css=&#8221;.vc_custom_1453975735934{padding-top: 90px !important;padding-bottom: 30px !important;}&#8221;][vc_column][vc_single_image image=&#8221;1756&#8243; img_size=&#8221;full&#8221;][vc_row_inner][vc_column_inner][vc_column_text]<\/p>\n<p style=\"text-align: justify;\">A frota \u00e9 composta por \u00f4nibus urbanos nas diferentes marcas e modelos, como VOLVO, MERCEDES-BENZ, MAN, MARCOPOLO, NEO-BUS, COMIL, todos formatados nos padr\u00f5es ABNT, NBR e INMETRO, equipados com gerenciamento eletr\u00f4nico, baixa emiss\u00e3o de fuma\u00e7a, acessibilidade, etc. Passam anualmente por inspe\u00e7\u00f5es veiculares nas institui\u00e7\u00f5es credenciadas pelo inmetro para validador a condi\u00e7\u00e3o de opera\u00e7\u00e3o dos ve\u00edculos, com emiss\u00e3o de selo e certificado veicular.<\/p>\n<p>[\/vc_column_text][\/vc_column_inner][\/vc_row_inner][\/vc_column][\/vc_row]<\/p>\n","protected":false},"excerpt":{"rendered":"<p>[vc_row css=&#8221;.vc_custom_1453975735934{padding-top: 90px !important;padding-bottom: 30px !important;}&#8221;][vc_column][vc_single_image image=&#8221;1756&#8243; img_size=&#8221;full&#8221;][vc_row_inner][vc_column_inner][vc_column_text] A frota \u00e9 composta por \u00f4nibus urbanos nas diferentes marcas e modelos, como VOLVO, MERCEDES-BENZ, MAN, MARCOPOLO, NEO-BUS, COMIL, todos formatados nos padr\u00f5es ABNT, NBR e INMETRO, equipados com gerenciamento eletr\u00f4nico, baixa emiss\u00e3o de fuma\u00e7a, acessibilidade, etc. Passam anualmente por inspe\u00e7\u00f5es veiculares nas institui\u00e7\u00f5es credenciadas pelo inmetro [&hellip;]<\/p>\n","protected":false},"author":1,"featured_media":0,"parent":0,"menu_order":0,"comment_status":"closed","ping_status":"closed","template":"","meta":{"_monsterinsights_skip_tracking":false,"_monsterinsights_sitenote_active":false,"_monsterinsights_sitenote_note":"","_monsterinsights_sitenote_category":0,"footnotes":""},"class_list":["post-872","page","type-page","status-publish","hentry"],"_links":{"self":[{"href":"https:\/\/viajecastelo.com.br\/index.php?rest_route=\/wp\/v2\/pages\/872","targetHints":{"allow":["GET"]}}],"collection":[{"href":"https:\/\/viajecastelo.com.br\/index.php?rest_route=\/wp\/v2\/pages"}],"about":[{"href":"https:\/\/viajecastelo.com.br\/index.php?rest_route=\/wp\/v2\/types\/page"}],"author":[{"embeddable":true,"href":"https:\/\/viajecastelo.com.br\/index.php?rest_route=\/wp\/v2\/users\/1"}],"replies":[{"embeddable":true,"href":"https:\/\/viajecastelo.com.br\/index.php?rest_route=%2Fwp%2Fv2%2Fcomments&post=872"}],"version-history":[{"count":18,"href":"https:\/\/viajecastelo.com.br\/index.php?rest_route=\/wp\/v2\/pages\/872\/revisions"}],"predecessor-version":[{"id":1757,"href":"https:\/\/viajecastelo.com.br\/index.php?rest_route=\/wp\/v2\/pages\/872\/revisions\/1757"}],"wp:attachment":[{"href":"https:\/\/viajecastelo.com.br\/index.php?rest_route=%2Fwp%2Fv2%2Fmedia&parent=872"}],"curies":[{"name":"wp","href":"https:\/\/api.w.org\/{rel}","templated":true}]}}