{"id":2337,"date":"2025-10-02T12:34:45","date_gmt":"2025-10-02T15:34:45","guid":{"rendered":"https:\/\/viajecastelo.com.br\/?page_id=2337"},"modified":"2026-03-27T09:52:53","modified_gmt":"2026-03-27T12:52:53","slug":"transparencia-salarial","status":"publish","type":"page","link":"https:\/\/viajecastelo.com.br\/?page_id=2337","title":{"rendered":"Transpar\u00eancia Salarial"},"content":{"rendered":"\n<p>Atualiza\u00e7\u00e3o 26 de mar\u00e7o de 2026<\/p>\n\n\n\n<p class=\"has-x-large-font-size\"><img loading=\"lazy\" decoding=\"async\" width=\"1750\" height=\"1236\" class=\"wp-image-2448\" style=\"width: 1750px;\" src=\"https:\/\/viajecastelo.com.br\/v_2018\/wp-content\/uploads\/2026\/03\/post-2026-igualdade-salarial.jpg\" alt=\"\" srcset=\"https:\/\/viajecastelo.com.br\/v_2018\/wp-content\/uploads\/2026\/03\/post-2026-igualdade-salarial.jpg 1045w, https:\/\/viajecastelo.com.br\/v_2018\/wp-content\/uploads\/2026\/03\/post-2026-igualdade-salarial-300x212.jpg 300w, https:\/\/viajecastelo.com.br\/v_2018\/wp-content\/uploads\/2026\/03\/post-2026-igualdade-salarial-1024x723.jpg 1024w, https:\/\/viajecastelo.com.br\/v_2018\/wp-content\/uploads\/2026\/03\/post-2026-igualdade-salarial-768x542.jpg 768w\" sizes=\"auto, (max-width: 1750px) 100vw, 1750px\" \/><br><br><br><\/p>\n\n\n\n<figure class=\"wp-block-image size-large\"><img loading=\"lazy\" decoding=\"async\" width=\"1024\" height=\"709\" src=\"https:\/\/viajecastelo.com.br\/v_2018\/wp-content\/uploads\/2025\/10\/sala-1024x709.jpg\" alt=\"\" class=\"wp-image-2386\" style=\"aspect-ratio:4\/3;object-fit:cover\" srcset=\"https:\/\/viajecastelo.com.br\/v_2018\/wp-content\/uploads\/2025\/10\/sala-1024x709.jpg 1024w, https:\/\/viajecastelo.com.br\/v_2018\/wp-content\/uploads\/2025\/10\/sala-300x208.jpg 300w, https:\/\/viajecastelo.com.br\/v_2018\/wp-content\/uploads\/2025\/10\/sala-768x532.jpg 768w, https:\/\/viajecastelo.com.br\/v_2018\/wp-content\/uploads\/2025\/10\/sala.jpg 1205w\" sizes=\"auto, (max-width: 1024px) 100vw, 1024px\" \/><\/figure>\n\n\n\n<div class=\"wp-block-file\"><a id=\"wp-block-file--media-e2d39fd2-02a6-4b0a-bf45-a07089b6fa8a\" href=\"https:\/\/viajecastelo.com.br\/v_2018\/wp-content\/uploads\/2025\/10\/ViaA\u0303\u00a7A\u0303o-Castelo-Branco-Matriz-Relatorio-Igualdade-Salarial-09_10_2025-75111021000183.pdf\" target=\"_blank\" rel=\"noreferrer noopener\">ViaA\u0303\u00a7A\u0303\u00a3o Castelo Branco Matriz Relatorio Igualdade Salarial 09_10_2025 75111021000183<\/a><a href=\"https:\/\/viajecastelo.com.br\/v_2018\/wp-content\/uploads\/2025\/10\/ViaA\u0303\u00a7A\u0303o-Castelo-Branco-Matriz-Relatorio-Igualdade-Salarial-09_10_2025-75111021000183.pdf\" class=\"wp-block-file__button wp-element-button\" download aria-describedby=\"wp-block-file--media-e2d39fd2-02a6-4b0a-bf45-a07089b6fa8a\">Baixar<\/a><\/div>\n\n\n\n<p><\/p>\n","protected":false},"excerpt":{"rendered":"<p>Atualiza\u00e7\u00e3o 26 de mar\u00e7o de 2026<\/p>\n","protected":false},"author":2,"featured_media":0,"parent":0,"menu_order":0,"comment_status":"closed","ping_status":"closed","template":"","meta":{"_monsterinsights_skip_tracking":false,"_monsterinsights_sitenote_active":false,"_monsterinsights_sitenote_note":"","_monsterinsights_sitenote_category":0,"footnotes":""},"class_list":["post-2337","page","type-page","status-publish","hentry"],"_links":{"self":[{"href":"https:\/\/viajecastelo.com.br\/index.php?rest_route=\/wp\/v2\/pages\/2337","targetHints":{"allow":["GET"]}}],"collection":[{"href":"https:\/\/viajecastelo.com.br\/index.php?rest_route=\/wp\/v2\/pages"}],"about":[{"href":"https:\/\/viajecastelo.com.br\/index.php?rest_route=\/wp\/v2\/types\/page"}],"author":[{"embeddable":true,"href":"https:\/\/viajecastelo.com.br\/index.php?rest_route=\/wp\/v2\/users\/2"}],"replies":[{"embeddable":true,"href":"https:\/\/viajecastelo.com.br\/index.php?rest_route=%2Fwp%2Fv2%2Fcomments&post=2337"}],"version-history":[{"count":14,"href":"https:\/\/viajecastelo.com.br\/index.php?rest_route=\/wp\/v2\/pages\/2337\/revisions"}],"predecessor-version":[{"id":2451,"href":"https:\/\/viajecastelo.com.br\/index.php?rest_route=\/wp\/v2\/pages\/2337\/revisions\/2451"}],"wp:attachment":[{"href":"https:\/\/viajecastelo.com.br\/index.php?rest_route=%2Fwp%2Fv2%2Fmedia&parent=2337"}],"curies":[{"name":"wp","href":"https:\/\/api.w.org\/{rel}","templated":true}]}}